{"id":4420,"date":"2025-04-22T14:57:36","date_gmt":"2025-04-22T19:57:36","guid":{"rendered":"https:\/\/vvpave.com\/?page_id=4420"},"modified":"2025-05-12T14:24:43","modified_gmt":"2025-05-12T19:24:43","slug":"equipos","status":"publish","type":"page","link":"https:\/\/vvpave.com\/en\/equipos","title":{"rendered":"Representaci\u00f3n de Equipos"},"content":{"rendered":"<div data-elementor-type=\"wp-page\" data-elementor-id=\"4420\" class=\"elementor elementor-4420\" data-elementor-post-type=\"page\">\n\t\t\t\t<div class=\"elementor-element elementor-element-4349eb4 e-flex e-con-boxed e-con e-parent\" data-id=\"4349eb4\" data-element_type=\"container\" data-e-type=\"container\">\n\t\t\t\t\t<div class=\"e-con-inner\">\n\t\t<div class=\"elementor-element elementor-element-24a4b76 e-con-full e-flex e-con e-child\" data-id=\"24a4b76\" data-element_type=\"container\" data-e-type=\"container\">\n\t\t<div class=\"elementor-element elementor-element-14a5fae e-con-full e-flex e-con e-child\" data-id=\"14a5fae\" data-element_type=\"container\" data-e-type=\"container\">\n\t\t\t\t<div class=\"elementor-element elementor-element-aeeee1a elementor-widget-mobile__width-inherit elementor-invisible elementor-widget elementor-widget-heading\" data-id=\"aeeee1a\" data-element_type=\"widget\" data-e-type=\"widget\" data-settings=\"{&quot;_animation&quot;:&quot;fadeIn&quot;,&quot;_animation_delay&quot;:500}\" data-widget_type=\"heading.default\">\n\t\t\t\t<div class=\"elementor-widget-container\">\n\t\t\t\t\t<h2 class=\"elementor-heading-title elementor-size-default\">Equipos especializados para evaluaci\u00f3n de pavimentos\n<\/h2>\t\t\t\t<\/div>\n\t\t\t\t<\/div>\n\t\t\t\t<\/div>\n\t\t<div class=\"elementor-element elementor-element-32981de e-con-full e-flex e-con e-child\" data-id=\"32981de\" data-element_type=\"container\" data-e-type=\"container\">\n\t\t\t\t<div class=\"elementor-element elementor-element-05d9953 elementor-widget elementor-widget-text-editor\" data-id=\"05d9953\" data-element_type=\"widget\" data-e-type=\"widget\" data-widget_type=\"text-editor.default\">\n\t\t\t\t<div class=\"elementor-widget-container\">\n\t\t\t\t\t\t\t\t\t<p>En VVPave contamos con tecnolog\u00eda de punta para la auscultaci\u00f3n no destructiva de pavimentos, garantizando precisi\u00f3n, eficiencia y confiabilidad en cada evaluaci\u00f3n. Nuestros equipos han sido seleccionados bajo criterios de calidad, versatilidad y cumplimiento con los est\u00e1ndares internacionales como AASHTO y ASTM.<\/p><p>Desde deflect\u00f3metros de impacto hasta perfil\u00f3metros l\u00e1ser y sistemas de fricci\u00f3n, ofrecemos soluciones adaptadas tanto para estudios de red como proyectos espec\u00edficos. Con el respaldo t\u00e9cnico de nuestro equipo y programas de capacitaci\u00f3n, aseguramos el uso \u00f3ptimo de cada instrumento en campo.<\/p>\t\t\t\t\t\t\t\t<\/div>\n\t\t\t\t<\/div>\n\t\t\t\t<\/div>\n\t\t\t\t<\/div>\n\t\t\t\t\t<\/div>\n\t\t\t\t<\/div>\n\t\t<div class=\"elementor-element elementor-element-615b1f7 e-flex e-con-boxed e-con e-parent\" data-id=\"615b1f7\" data-element_type=\"container\" data-e-type=\"container\">\n\t\t\t\t\t<div class=\"e-con-inner\">\n\t\t<div class=\"elementor-element elementor-element-cbb02fe e-con-full e-flex e-con e-child\" data-id=\"cbb02fe\" data-element_type=\"container\" data-e-type=\"container\">\n\t\t<div class=\"elementor-element elementor-element-ca4c8dc e-con-full e-flex e-con e-child\" data-id=\"ca4c8dc\" data-element_type=\"container\" data-e-type=\"container\">\n\t\t\t\t<div class=\"elementor-element elementor-element-1d3fa78 elementor-widget__width-auto elementor-invisible elementor-widget elementor-widget-heading\" data-id=\"1d3fa78\" data-element_type=\"widget\" data-e-type=\"widget\" data-settings=\"{&quot;_animation&quot;:&quot;fadeInUp&quot;}\" data-widget_type=\"heading.default\">\n\t\t\t\t<div class=\"elementor-widget-container\">\n\t\t\t\t\t<p class=\"elementor-heading-title elementor-size-default\">Equipo<\/p>\t\t\t\t<\/div>\n\t\t\t\t<\/div>\n\t\t\t\t<div class=\"elementor-element elementor-element-edae5cc elementor-widget-mobile__width-inherit elementor-invisible elementor-widget elementor-widget-heading\" data-id=\"edae5cc\" data-element_type=\"widget\" data-e-type=\"widget\" data-settings=\"{&quot;_animation&quot;:&quot;fadeIn&quot;,&quot;_animation_delay&quot;:500}\" data-widget_type=\"heading.default\">\n\t\t\t\t<div class=\"elementor-widget-container\">\n\t\t\t\t\t<h2 class=\"elementor-heading-title elementor-size-default\">Deflect\u00f3metros<\/h2>\t\t\t\t<\/div>\n\t\t\t\t<\/div>\n\t\t\t\t<div class=\"elementor-element elementor-element-d4b7fd0 elementor-widget elementor-widget-text-editor\" data-id=\"d4b7fd0\" data-element_type=\"widget\" data-e-type=\"widget\" data-widget_type=\"text-editor.default\">\n\t\t\t\t<div class=\"elementor-widget-container\">\n\t\t\t\t\t\t\t\t\tLos Deflect\u00f3metros, como el Deflect\u00f3metro de Impacto de Peso Caido (FWD), el Deflect\u00f3metro Pesado (HWD), y el Deflect\u00f3metro Liviano (LWD), son elementos clave en nuestra metodolog\u00eda de trabajo. Estos dispositivos capturan con precisi\u00f3n las deflexiones y deformaciones de pavimentos y capas de suelo, permitiendo un an\u00e1lisis detallado y proactivo de la respuesta estructural. En VVPave, utilizamos esta tecnolog\u00eda para fundamentar nuestras soluciones de mantenimiento y rehabilitaci\u00f3n, optimizando recursos y prolongando la vida \u00fatil de la infraestructura vial.\n\n\t\t\t\t\t\t\t\t<\/div>\n\t\t\t\t<\/div>\n\t\t\t\t<\/div>\n\t\t<div class=\"elementor-element elementor-element-4434bec e-con-full e-flex e-con e-child\" data-id=\"4434bec\" data-element_type=\"container\" data-e-type=\"container\">\n\t\t\t\t<div class=\"elementor-element elementor-element-5c4a309 elementor-widget elementor-widget-image\" data-id=\"5c4a309\" data-element_type=\"widget\" data-e-type=\"widget\" data-widget_type=\"image.default\">\n\t\t\t\t<div class=\"elementor-widget-container\">\n\t\t\t\t\t\t\t\t\t\t\t\t\t\t\t<img fetchpriority=\"high\" decoding=\"async\" width=\"1600\" height=\"1200\" src=\"https:\/\/vvpave.com\/wp-content\/uploads\/2025\/04\/equipo-deflectometros.jpg\" class=\"attachment-full size-full wp-image-4462\" alt=\"\" srcset=\"https:\/\/vvpave.com\/wp-content\/uploads\/2025\/04\/equipo-deflectometros.jpg 1600w, https:\/\/vvpave.com\/wp-content\/uploads\/2025\/04\/equipo-deflectometros-300x225.jpg 300w, https:\/\/vvpave.com\/wp-content\/uploads\/2025\/04\/equipo-deflectometros-1024x768.jpg 1024w, https:\/\/vvpave.com\/wp-content\/uploads\/2025\/04\/equipo-deflectometros-768x576.jpg 768w, https:\/\/vvpave.com\/wp-content\/uploads\/2025\/04\/equipo-deflectometros-1536x1152.jpg 1536w\" sizes=\"(max-width: 1600px) 100vw, 1600px\" \/>\t\t\t\t\t\t\t\t\t\t\t\t\t\t\t<\/div>\n\t\t\t\t<\/div>\n\t\t\t\t<\/div>\n\t\t\t\t<\/div>\n\t\t\t\t\t<\/div>\n\t\t\t\t<\/div>\n\t\t<div class=\"elementor-element elementor-element-0c845e8 e-flex e-con-boxed e-con e-parent\" data-id=\"0c845e8\" data-element_type=\"container\" data-e-type=\"container\">\n\t\t\t\t\t<div class=\"e-con-inner\">\n\t\t<div class=\"elementor-element elementor-element-4618903 e-con-full e-flex e-con e-child\" data-id=\"4618903\" data-element_type=\"container\" data-e-type=\"container\">\n\t\t<div class=\"elementor-element elementor-element-35bf35f e-con-full e-flex e-con e-child\" data-id=\"35bf35f\" data-element_type=\"container\" data-e-type=\"container\">\n\t\t\t\t<div class=\"elementor-element elementor-element-1e5728b elementor-widget elementor-widget-image\" data-id=\"1e5728b\" data-element_type=\"widget\" data-e-type=\"widget\" data-widget_type=\"image.default\">\n\t\t\t\t<div class=\"elementor-widget-container\">\n\t\t\t\t\t\t\t\t\t\t\t\t\t\t\t<img decoding=\"async\" width=\"1600\" height=\"1200\" src=\"https:\/\/vvpave.com\/wp-content\/uploads\/2025\/04\/equipo-perfilometros.webp\" class=\"attachment-full size-full wp-image-4458\" alt=\"\" srcset=\"https:\/\/vvpave.com\/wp-content\/uploads\/2025\/04\/equipo-perfilometros.webp 1600w, https:\/\/vvpave.com\/wp-content\/uploads\/2025\/04\/equipo-perfilometros-300x225.webp 300w, https:\/\/vvpave.com\/wp-content\/uploads\/2025\/04\/equipo-perfilometros-1024x768.webp 1024w, https:\/\/vvpave.com\/wp-content\/uploads\/2025\/04\/equipo-perfilometros-768x576.webp 768w, https:\/\/vvpave.com\/wp-content\/uploads\/2025\/04\/equipo-perfilometros-1536x1152.webp 1536w\" sizes=\"(max-width: 1600px) 100vw, 1600px\" \/>\t\t\t\t\t\t\t\t\t\t\t\t\t\t\t<\/div>\n\t\t\t\t<\/div>\n\t\t\t\t<\/div>\n\t\t<div class=\"elementor-element elementor-element-6412185 e-con-full e-flex e-con e-child\" data-id=\"6412185\" data-element_type=\"container\" data-e-type=\"container\">\n\t\t\t\t<div class=\"elementor-element elementor-element-07bb764 elementor-widget__width-auto elementor-invisible elementor-widget elementor-widget-heading\" data-id=\"07bb764\" data-element_type=\"widget\" data-e-type=\"widget\" data-settings=\"{&quot;_animation&quot;:&quot;fadeInUp&quot;}\" data-widget_type=\"heading.default\">\n\t\t\t\t<div class=\"elementor-widget-container\">\n\t\t\t\t\t<p class=\"elementor-heading-title elementor-size-default\">Equipo<\/p>\t\t\t\t<\/div>\n\t\t\t\t<\/div>\n\t\t\t\t<div class=\"elementor-element elementor-element-c46a5d4 elementor-widget-mobile__width-inherit elementor-invisible elementor-widget elementor-widget-heading\" data-id=\"c46a5d4\" data-element_type=\"widget\" data-e-type=\"widget\" data-settings=\"{&quot;_animation&quot;:&quot;fadeIn&quot;,&quot;_animation_delay&quot;:500}\" data-widget_type=\"heading.default\">\n\t\t\t\t<div class=\"elementor-widget-container\">\n\t\t\t\t\t<h2 class=\"elementor-heading-title elementor-size-default\">Perfil\u00f3metros<\/h2>\t\t\t\t<\/div>\n\t\t\t\t<\/div>\n\t\t\t\t<div class=\"elementor-element elementor-element-0f30db9 elementor-widget elementor-widget-text-editor\" data-id=\"0f30db9\" data-element_type=\"widget\" data-e-type=\"widget\" data-widget_type=\"text-editor.default\">\n\t\t\t\t<div class=\"elementor-widget-container\">\n\t\t\t\t\t\t\t\t\t<p><span class=\"TextRun SCXW99494343 BCX0\" lang=\"ES-CL\" xml:lang=\"ES-CL\" data-contrast=\"auto\"><span class=\"NormalTextRun SCXW99494343 BCX0\">Nos orgullecemos de ofrecer servicios de <\/span><span class=\"NormalTextRun SCXW99494343 BCX0\">mantenimiento, reparaci\u00f3n y <\/span><span class=\"NormalTextRun SCXW99494343 BCX0\">calibraci\u00f3n<\/span> <span class=\"NormalTextRun SCXW99494343 BCX0\">de equipamiento especializado de auscultaci\u00f3n de pavimentos<\/span><span class=\"NormalTextRun SCXW99494343 BCX0\">, cumpliendo con <\/span><span class=\"NormalTextRun SCXW99494343 BCX0\">el<\/span><span class=\"NormalTextRun SCXW99494343 BCX0\"> riguroso est\u00e1ndar AASHTO.\u00a0<\/span><span class=\"NormalTextRun SCXW99494343 BCX0\"> Capacitamos <\/span><span class=\"NormalTextRun SCXW99494343 BCX0\">a operadores y t\u00e9cnicos <\/span><span class=\"NormalTextRun SCXW99494343 BCX0\">en la operaci\u00f3n, mantenimiento preventivo b\u00e1sico y <\/span><span class=\"NormalTextRun SCXW99494343 BCX0\">toma de datos en campo.<\/span><\/span><span class=\"EOP SCXW99494343 BCX0\" data-ccp-props=\"{&quot;134233117&quot;:true,&quot;134233118&quot;:true,&quot;201341983&quot;:0,&quot;335551550&quot;:6,&quot;335551620&quot;:6,&quot;335559740&quot;:240}\">\u00a0<\/span><\/p>\t\t\t\t\t\t\t\t<\/div>\n\t\t\t\t<\/div>\n\t\t\t\t<\/div>\n\t\t\t\t<\/div>\n\t\t\t\t\t<\/div>\n\t\t\t\t<\/div>\n\t\t<div class=\"elementor-element elementor-element-2e38678 e-flex e-con-boxed e-con e-parent\" data-id=\"2e38678\" data-element_type=\"container\" data-e-type=\"container\">\n\t\t\t\t\t<div class=\"e-con-inner\">\n\t\t<div class=\"elementor-element elementor-element-5cb8f94 e-con-full e-flex e-con e-child\" data-id=\"5cb8f94\" data-element_type=\"container\" data-e-type=\"container\">\n\t\t<div class=\"elementor-element elementor-element-b0a2a98 e-con-full e-flex e-con e-child\" data-id=\"b0a2a98\" data-element_type=\"container\" data-e-type=\"container\">\n\t\t\t\t<div class=\"elementor-element elementor-element-c68b0a5 elementor-widget__width-auto elementor-invisible elementor-widget elementor-widget-heading\" data-id=\"c68b0a5\" data-element_type=\"widget\" data-e-type=\"widget\" data-settings=\"{&quot;_animation&quot;:&quot;fadeInUp&quot;}\" data-widget_type=\"heading.default\">\n\t\t\t\t<div class=\"elementor-widget-container\">\n\t\t\t\t\t<p class=\"elementor-heading-title elementor-size-default\">Equipo<\/p>\t\t\t\t<\/div>\n\t\t\t\t<\/div>\n\t\t\t\t<div class=\"elementor-element elementor-element-7b6f661 elementor-widget-mobile__width-inherit elementor-invisible elementor-widget elementor-widget-heading\" data-id=\"7b6f661\" data-element_type=\"widget\" data-e-type=\"widget\" data-settings=\"{&quot;_animation&quot;:&quot;fadeIn&quot;,&quot;_animation_delay&quot;:500}\" data-widget_type=\"heading.default\">\n\t\t\t\t<div class=\"elementor-widget-container\">\n\t\t\t\t\t<h2 class=\"elementor-heading-title elementor-size-default\">Friction Tester<\/h2>\t\t\t\t<\/div>\n\t\t\t\t<\/div>\n\t\t\t\t<div class=\"elementor-element elementor-element-ce73a4e elementor-widget elementor-widget-text-editor\" data-id=\"ce73a4e\" data-element_type=\"widget\" data-e-type=\"widget\" data-widget_type=\"text-editor.default\">\n\t\t\t\t<div class=\"elementor-widget-container\">\n\t\t\t\t\t\t\t\t\t<p>Nuestros Equipos para la Evaluaci\u00f3n Friccional, como el\u00a0 (HFT) y el Medidor de Fricci\u00f3n para Pistas de Aeropuerto (RFT), son herramientas avanzadas que miden con precisi\u00f3n la resistencia al deslizamiento.<\/p>\t\t\t\t\t\t\t\t<\/div>\n\t\t\t\t<\/div>\n\t\t\t\t<\/div>\n\t\t<div class=\"elementor-element elementor-element-8077d46 e-con-full e-flex e-con e-child\" data-id=\"8077d46\" data-element_type=\"container\" data-e-type=\"container\">\n\t\t\t\t<div class=\"elementor-element elementor-element-11cf5cb elementor-widget elementor-widget-image\" data-id=\"11cf5cb\" data-element_type=\"widget\" data-e-type=\"widget\" data-widget_type=\"image.default\">\n\t\t\t\t<div class=\"elementor-widget-container\">\n\t\t\t\t\t\t\t\t\t\t\t\t\t\t\t<img decoding=\"async\" width=\"1280\" height=\"960\" src=\"https:\/\/vvpave.com\/wp-content\/uploads\/2025\/04\/quipo-friccion.webp\" class=\"attachment-full size-full wp-image-4453\" alt=\"\" srcset=\"https:\/\/vvpave.com\/wp-content\/uploads\/2025\/04\/quipo-friccion.webp 1280w, https:\/\/vvpave.com\/wp-content\/uploads\/2025\/04\/quipo-friccion-300x225.webp 300w, https:\/\/vvpave.com\/wp-content\/uploads\/2025\/04\/quipo-friccion-1024x768.webp 1024w, https:\/\/vvpave.com\/wp-content\/uploads\/2025\/04\/quipo-friccion-768x576.webp 768w\" sizes=\"(max-width: 1280px) 100vw, 1280px\" \/>\t\t\t\t\t\t\t\t\t\t\t\t\t\t\t<\/div>\n\t\t\t\t<\/div>\n\t\t\t\t<\/div>\n\t\t\t\t<\/div>\n\t\t\t\t\t<\/div>\n\t\t\t\t<\/div>\n\t\t\t\t<\/div>","protected":false},"excerpt":{"rendered":"<p>Equipos especializados para evaluaci\u00f3n de pavimentos En VVPave contamos con tecnolog\u00eda de punta para la auscultaci\u00f3n no destructiva de pavimentos, garantizando precisi\u00f3n, eficiencia y confiabilidad en cada evaluaci\u00f3n. Nuestros equipos han sido seleccionados bajo criterios de calidad, versatilidad y cumplimiento con los est\u00e1ndares internacionales como AASHTO y ASTM. Desde deflect\u00f3metros de impacto hasta perfil\u00f3metros l\u00e1ser [&hellip;]<\/p>\n","protected":false},"author":1,"featured_media":0,"parent":0,"menu_order":0,"comment_status":"closed","ping_status":"closed","template":"","meta":{"_joinchat":[],"footnotes":""},"class_list":["post-4420","page","type-page","status-publish","hentry"],"_links":{"self":[{"href":"https:\/\/vvpave.com\/en\/wp-json\/wp\/v2\/pages\/4420","targetHints":{"allow":["GET"]}}],"collection":[{"href":"https:\/\/vvpave.com\/en\/wp-json\/wp\/v2\/pages"}],"about":[{"href":"https:\/\/vvpave.com\/en\/wp-json\/wp\/v2\/types\/page"}],"author":[{"embeddable":true,"href":"https:\/\/vvpave.com\/en\/wp-json\/wp\/v2\/users\/1"}],"replies":[{"embeddable":true,"href":"https:\/\/vvpave.com\/en\/wp-json\/wp\/v2\/comments?post=4420"}],"version-history":[{"count":24,"href":"https:\/\/vvpave.com\/en\/wp-json\/wp\/v2\/pages\/4420\/revisions"}],"predecessor-version":[{"id":4879,"href":"https:\/\/vvpave.com\/en\/wp-json\/wp\/v2\/pages\/4420\/revisions\/4879"}],"wp:attachment":[{"href":"https:\/\/vvpave.com\/en\/wp-json\/wp\/v2\/media?parent=4420"}],"curies":[{"name":"wp","href":"https:\/\/api.w.org\/{rel}","templated":true}]}}