{"id":4931,"date":"2025-08-08T01:27:35","date_gmt":"2025-08-08T06:27:35","guid":{"rendered":"https:\/\/vvpave.com\/?page_id=4931"},"modified":"2026-01-14T03:18:21","modified_gmt":"2026-01-14T08:18:21","slug":"functional-evaluation","status":"publish","type":"page","link":"https:\/\/vvpave.com\/en\/evaluacion-funcional","title":{"rendered":"Functional Evaluation"},"content":{"rendered":"<div data-elementor-type=\"wp-page\" data-elementor-id=\"4931\" class=\"elementor elementor-4931\" data-elementor-post-type=\"page\">\n\t\t\t\t<div class=\"elementor-element elementor-element-615b1f7 e-flex e-con-boxed e-con e-parent\" data-id=\"615b1f7\" data-element_type=\"container\" data-e-type=\"container\">\n\t\t\t\t\t<div class=\"e-con-inner\">\n\t\t<div class=\"elementor-element elementor-element-cbb02fe e-con-full e-flex e-con e-child\" data-id=\"cbb02fe\" data-element_type=\"container\" data-e-type=\"container\">\n\t\t<div class=\"elementor-element elementor-element-ca4c8dc e-con-full e-flex e-con e-child\" data-id=\"ca4c8dc\" data-element_type=\"container\" data-e-type=\"container\">\n\t\t\t\t<div class=\"elementor-element elementor-element-1d3fa78 elementor-widget__width-auto elementor-invisible elementor-widget elementor-widget-heading\" data-id=\"1d3fa78\" data-element_type=\"widget\" data-e-type=\"widget\" data-settings=\"{&quot;_animation&quot;:&quot;fadeInUp&quot;}\" data-widget_type=\"heading.default\">\n\t\t\t\t<div class=\"elementor-widget-container\">\n\t\t\t\t\t<p class=\"elementor-heading-title elementor-size-default\">Functional evaluation<\/p>\t\t\t\t<\/div>\n\t\t\t\t<\/div>\n\t\t\t\t<div class=\"elementor-element elementor-element-edae5cc elementor-widget-mobile__width-inherit elementor-invisible elementor-widget elementor-widget-heading\" data-id=\"edae5cc\" data-element_type=\"widget\" data-e-type=\"widget\" data-settings=\"{&quot;_animation&quot;:&quot;fadeIn&quot;,&quot;_animation_delay&quot;:500}\" data-widget_type=\"heading.default\">\n\t\t\t\t<div class=\"elementor-widget-container\">\n\t\t\t\t\t<h2 class=\"elementor-heading-title elementor-size-default\">Measurement of road smoothness and ride comfort with laser technology<\/h2>\t\t\t\t<\/div>\n\t\t\t\t<\/div>\n\t\t\t\t<div class=\"elementor-element elementor-element-d4b7fd0 elementor-widget elementor-widget-text-editor\" data-id=\"d4b7fd0\" data-element_type=\"widget\" data-e-type=\"widget\" data-widget_type=\"text-editor.default\">\n\t\t\t\t<div class=\"elementor-widget-container\">\n\t\t\t\t\t\t\t\t\tWe assess road smoothness, ride comfort, and operational performance using high-precision laser technologies.\t\t\t\t\t\t\t\t<\/div>\n\t\t\t\t<\/div>\n\t\t\t\t<div class=\"elementor-element elementor-element-4419399 elementor-widget elementor-widget-heading\" data-id=\"4419399\" data-element_type=\"widget\" data-e-type=\"widget\" data-widget_type=\"heading.default\">\n\t\t\t\t<div class=\"elementor-widget-container\">\n\t\t\t\t\t<h3 class=\"elementor-heading-title elementor-size-default\">Measurement of Ride Quality and Surface Condition<\/h3>\t\t\t\t<\/div>\n\t\t\t\t<\/div>\n\t\t\t\t<div class=\"elementor-element elementor-element-7038755 elementor-widget elementor-widget-text-editor\" data-id=\"7038755\" data-element_type=\"widget\" data-e-type=\"widget\" data-widget_type=\"text-editor.default\">\n\t\t\t\t<div class=\"elementor-widget-container\">\n\t\t\t\t\t\t\t\t\t<p>Through advanced surveys with Class 1 laser profilometers, we obtain the International Roughness Index (IRI), rutting profiles, and surface macrotexture to evaluate user comfort, vehicle operating conditions, and safety.<\/p>\t\t\t\t\t\t\t\t<\/div>\n\t\t\t\t<\/div>\n\t\t\t\t<div class=\"elementor-element elementor-element-6197ff2 elementor-widget elementor-widget-heading\" data-id=\"6197ff2\" data-element_type=\"widget\" data-e-type=\"widget\" data-widget_type=\"heading.default\">\n\t\t\t\t<div class=\"elementor-widget-container\">\n\t\t\t\t\t<h3 class=\"elementor-heading-title elementor-size-default\">Advanced Laser Profilometry<\/h3>\t\t\t\t<\/div>\n\t\t\t\t<\/div>\n\t\t\t\t<div class=\"elementor-element elementor-element-4e56e45 elementor-icon-list--layout-traditional elementor-list-item-link-full_width elementor-widget elementor-widget-icon-list\" data-id=\"4e56e45\" data-element_type=\"widget\" data-e-type=\"widget\" data-widget_type=\"icon-list.default\">\n\t\t\t\t<div class=\"elementor-widget-container\">\n\t\t\t\t\t\t\t<ul class=\"elementor-icon-list-items\">\n\t\t\t\t\t\t\t<li class=\"elementor-icon-list-item\">\n\t\t\t\t\t\t\t\t\t\t\t<span class=\"elementor-icon-list-icon\">\n\t\t\t\t\t\t\t<i aria-hidden=\"true\" class=\"fas fa-check\"><\/i>\t\t\t\t\t\t<\/span>\n\t\t\t\t\t\t\t\t\t\t<span class=\"elementor-icon-list-text\">Determination of serviceability and ride quality indices<\/span>\n\t\t\t\t\t\t\t\t\t<\/li>\n\t\t\t\t\t\t\t\t<li class=\"elementor-icon-list-item\">\n\t\t\t\t\t\t\t\t\t\t\t<span class=\"elementor-icon-list-icon\">\n\t\t\t\t\t\t\t<i aria-hidden=\"true\" class=\"fas fa-check\"><\/i>\t\t\t\t\t\t<\/span>\n\t\t\t\t\t\t\t\t\t\t<span class=\"elementor-icon-list-text\">Identification of sections with critical irregularities<\/span>\n\t\t\t\t\t\t\t\t\t<\/li>\n\t\t\t\t\t\t\t\t<li class=\"elementor-icon-list-item\">\n\t\t\t\t\t\t\t\t\t\t\t<span class=\"elementor-icon-list-icon\">\n\t\t\t\t\t\t\t<i aria-hidden=\"true\" class=\"fas fa-check\"><\/i>\t\t\t\t\t\t<\/span>\n\t\t\t\t\t\t\t\t\t\t<span class=\"elementor-icon-list-text\">Prioritization of interventions to enhance safety and user experience<\/span>\n\t\t\t\t\t\t\t\t\t<\/li>\n\t\t\t\t\t\t<\/ul>\n\t\t\t\t\t\t<\/div>\n\t\t\t\t<\/div>\n\t\t\t\t<div class=\"elementor-element elementor-element-1cdb58c elementor-widget elementor-widget-text-editor\" data-id=\"1cdb58c\" data-element_type=\"widget\" data-e-type=\"widget\" data-widget_type=\"text-editor.default\">\n\t\t\t\t<div class=\"elementor-widget-container\">\n\t\t\t\t\t\t\t\t\t<p>Our functional evaluations provide accurate, high-resolution data essential for decision-making, maintenance planning, and asset management.<\/p>\t\t\t\t\t\t\t\t<\/div>\n\t\t\t\t<\/div>\n\t\t\t\t<\/div>\n\t\t<div class=\"elementor-element elementor-element-4434bec e-con-full e-flex e-con e-child\" data-id=\"4434bec\" data-element_type=\"container\" data-e-type=\"container\">\n\t\t\t\t<div class=\"elementor-element elementor-element-2406b8b slider-slide_box_yes elementor-widget elementor-widget-flexitype-image-slider\" data-id=\"2406b8b\" data-element_type=\"widget\" data-e-type=\"widget\" data-widget_type=\"flexitype-image-slider.default\">\n\t\t\t\t<div class=\"elementor-widget-container\">\n\t\t\t\t\t\r\n        <div class=\"flexitype_slider\">\r\n            <div class=\"swiper flexitype_slide426 slide_box\">\r\n                <div class=\"swiper-wrapper\">\r\n                                            <div class=\"swiper-slide\">\r\n                            <div class=\"flexitype_image_slider-item visibility_hidden\">\r\n                                <img decoding=\"async\" src=\"https:\/\/vvpave.com\/wp-content\/uploads\/2025\/11\/Evaluacion-funcional.jpg\" alt=\"image\">\r\n                                <div class=\"flexitype_image_slider-item-content\">\r\n                                    <div\r\n                                        class=\"flexitype_image_slider-item-area inline\">\r\n                                        <div class=\"flexitype_image_slider-item-area-icon\">\r\n                                                                                    <\/div>\r\n                                        <div>\r\n                                                                                                                                                                            <\/div>\r\n                                    <\/div>\r\n                                <\/div>\r\n                            <\/div>\r\n                        <\/div>\r\n                                            <div class=\"swiper-slide\">\r\n                            <div class=\"flexitype_image_slider-item visibility_hidden\">\r\n                                <img decoding=\"async\" src=\"https:\/\/vvpave.com\/wp-content\/uploads\/2025\/11\/Evaluacion-funcional-02.jpg\" alt=\"image\">\r\n                                <div class=\"flexitype_image_slider-item-content\">\r\n                                    <div\r\n                                        class=\"flexitype_image_slider-item-area inline\">\r\n                                        <div class=\"flexitype_image_slider-item-area-icon\">\r\n                                                                                    <\/div>\r\n                                        <div>\r\n                                                                                                                                                                            <\/div>\r\n                                    <\/div>\r\n                                <\/div>\r\n                            <\/div>\r\n                        <\/div>\r\n                                            <div class=\"swiper-slide\">\r\n                            <div class=\"flexitype_image_slider-item visibility_hidden\">\r\n                                <img decoding=\"async\" src=\"https:\/\/vvpave.com\/wp-content\/uploads\/2025\/11\/Evaluacion-funcional-08.jpg\" alt=\"image\">\r\n                                <div class=\"flexitype_image_slider-item-content\">\r\n                                    <div\r\n                                        class=\"flexitype_image_slider-item-area inline\">\r\n                                        <div class=\"flexitype_image_slider-item-area-icon\">\r\n                                                                                    <\/div>\r\n                                        <div>\r\n                                                                                                                                                                            <\/div>\r\n                                    <\/div>\r\n                                <\/div>\r\n                            <\/div>\r\n                        <\/div>\r\n                                    <\/div>\r\n            <\/div>\r\n                            <div class=\"flexitype_slider-arrow arrow_middle\">\r\n                    <div class=\"flexitype_slider-arrow-prev swiper-button-prev-sliderid\">\r\n                        <i class=\"fas fa-chevron-left\"><\/i>\r\n                    <\/div>\r\n                    <div class=\"flexitype_slider-arrow-next swiper-button-next-sliderid\">\r\n                        <i class=\"fas fa-chevron-right\"><\/i>\r\n                    <\/div>\r\n                <\/div>\r\n                                <\/div>\r\n        <script>\r\n            (function ($) {\r\n                \"use strict\";\r\n                $(document).ready(function () {\r\n                    var autoplayOption = \"yes\";\r\n                    var enableAutoplay = (autoplayOption === 'yes');\r\n                    var swiper = new Swiper(\".flexitype_slide426\", {\r\n                        loop: true,\r\n                        spaceBetween: 30,\r\n                        speed: 500,\r\n                        autoplay: enableAutoplay ? {\r\n                            delay: 4000,\r\n                            reverseDirection: false,\r\n                            disableOnInteraction: false,\r\n                        } : false,\r\n                        navigation: {\r\n                            prevEl: '.swiper-button-prev-sliderid',\r\n                            nextEl: '.swiper-button-next-sliderid',\r\n                        },\r\n                        pagination: {\r\n                            el: \".flexitype_slide_dots-sliderid\",\r\n                            clickable: true,\r\n                        },\r\n                        breakpoints: {\r\n                            0: {\r\n                                slidesPerView: 1,\r\n                            },\r\n                            768: {\r\n                                slidesPerView: 1,\r\n                            },\r\n                            1025: {\r\n                                slidesPerView: 1,\r\n                            },\r\n                            1600: {\r\n                                slidesPerView: 1,\r\n                            },\r\n                        },\r\n                        centeredSlides: \"\",\r\n                    });\r\n                });\r\n            })(jQuery);\r\n        <\/script>\r\n        \t\t\t\t<\/div>\n\t\t\t\t<\/div>\n\t\t\t\t<\/div>\n\t\t\t\t<\/div>\n\t\t\t\t\t<\/div>\n\t\t\t\t<\/div>\n\t\t\t\t<\/div>","protected":false},"excerpt":{"rendered":"<p>Evaluaci\u00f3n funcional Medici\u00f3n de Regularidad y Confort Vial con Tecnolog\u00eda L\u00e1ser Medimos la regularidad superficial y el confort de viaje mediante tecnolog\u00eda l\u00e1ser de alta precisi\u00f3n. A trav\u00e9s de perfil\u00f3metros l\u00e1ser Clase 1 obtenemos el \u00cdndice de Rugosidad Internacional (IRI), ahuellamiento y macrotextura, evaluando el confort del usuario, las condiciones de operaci\u00f3n vehicular y la [&hellip;]<\/p>\n","protected":false},"author":1,"featured_media":0,"parent":0,"menu_order":0,"comment_status":"closed","ping_status":"closed","template":"","meta":{"_joinchat":[],"footnotes":""},"class_list":["post-4931","page","type-page","status-publish","hentry"],"_links":{"self":[{"href":"https:\/\/vvpave.com\/en\/wp-json\/wp\/v2\/pages\/4931","targetHints":{"allow":["GET"]}}],"collection":[{"href":"https:\/\/vvpave.com\/en\/wp-json\/wp\/v2\/pages"}],"about":[{"href":"https:\/\/vvpave.com\/en\/wp-json\/wp\/v2\/types\/page"}],"author":[{"embeddable":true,"href":"https:\/\/vvpave.com\/en\/wp-json\/wp\/v2\/users\/1"}],"replies":[{"embeddable":true,"href":"https:\/\/vvpave.com\/en\/wp-json\/wp\/v2\/comments?post=4931"}],"version-history":[{"count":85,"href":"https:\/\/vvpave.com\/en\/wp-json\/wp\/v2\/pages\/4931\/revisions"}],"predecessor-version":[{"id":7450,"href":"https:\/\/vvpave.com\/en\/wp-json\/wp\/v2\/pages\/4931\/revisions\/7450"}],"wp:attachment":[{"href":"https:\/\/vvpave.com\/en\/wp-json\/wp\/v2\/media?parent=4931"}],"curies":[{"name":"wp","href":"https:\/\/api.w.org\/{rel}","templated":true}]}}