{"id":4936,"date":"2025-08-08T01:28:46","date_gmt":"2025-08-08T06:28:46","guid":{"rendered":"https:\/\/vvpave.com\/?page_id=4936"},"modified":"2026-01-14T03:37:13","modified_gmt":"2026-01-14T08:37:13","slug":"road-safety-assessment","status":"publish","type":"page","link":"https:\/\/vvpave.com\/en\/evaluacion-seguridad-vial","title":{"rendered":"Road Safety Assessment"},"content":{"rendered":"<div data-elementor-type=\"wp-page\" data-elementor-id=\"4936\" class=\"elementor elementor-4936\" data-elementor-post-type=\"page\">\n\t\t\t\t<div class=\"elementor-element elementor-element-615b1f7 e-flex e-con-boxed e-con e-parent\" data-id=\"615b1f7\" data-element_type=\"container\" data-e-type=\"container\">\n\t\t\t\t\t<div class=\"e-con-inner\">\n\t\t<div class=\"elementor-element elementor-element-cbb02fe e-con-full e-flex e-con e-child\" data-id=\"cbb02fe\" data-element_type=\"container\" data-e-type=\"container\">\n\t\t<div class=\"elementor-element elementor-element-ca4c8dc e-con-full e-flex e-con e-child\" data-id=\"ca4c8dc\" data-element_type=\"container\" data-e-type=\"container\">\n\t\t\t\t<div class=\"elementor-element elementor-element-1d3fa78 elementor-widget__width-auto elementor-invisible elementor-widget elementor-widget-heading\" data-id=\"1d3fa78\" data-element_type=\"widget\" data-e-type=\"widget\" data-settings=\"{&quot;_animation&quot;:&quot;fadeInUp&quot;}\" data-widget_type=\"heading.default\">\n\t\t\t\t<div class=\"elementor-widget-container\">\n\t\t\t\t\t<p class=\"elementor-heading-title elementor-size-default\">Road Safety Assessment<\/p>\t\t\t\t<\/div>\n\t\t\t\t<\/div>\n\t\t\t\t<div class=\"elementor-element elementor-element-edae5cc elementor-widget-mobile__width-inherit elementor-invisible elementor-widget elementor-widget-heading\" data-id=\"edae5cc\" data-element_type=\"widget\" data-e-type=\"widget\" data-settings=\"{&quot;_animation&quot;:&quot;fadeIn&quot;,&quot;_animation_delay&quot;:500}\" data-widget_type=\"heading.default\">\n\t\t\t\t<div class=\"elementor-widget-container\">\n\t\t\t\t\t<h2 class=\"elementor-heading-title elementor-size-default\">Friction Measurement for Accident Prevention<\/h2>\t\t\t\t<\/div>\n\t\t\t\t<\/div>\n\t\t\t\t<div class=\"elementor-element elementor-element-d4b7fd0 elementor-widget elementor-widget-text-editor\" data-id=\"d4b7fd0\" data-element_type=\"widget\" data-e-type=\"widget\" data-widget_type=\"text-editor.default\">\n\t\t\t\t<div class=\"elementor-widget-container\">\n\t\t\t\t\t\t\t\t\t<p>We evaluate the longitudinal friction coefficient (Mu) under wet conditions to assess user safety and identify roadway sections with an increased risk of skidding or loss of vehicle control.<\/p>\t\t\t\t\t\t\t\t<\/div>\n\t\t\t\t<\/div>\n\t\t\t\t<div class=\"elementor-element elementor-element-b0896a1 solo-en elementor-widget elementor-widget-heading\" data-id=\"b0896a1\" data-element_type=\"widget\" data-e-type=\"widget\" data-no-translation=\"\" data-widget_type=\"heading.default\">\n\t\t\t\t<div class=\"elementor-widget-container\">\n\t\t\t\t\t<h3 class=\"elementor-heading-title elementor-size-default\">Key Components of the Assessment<\/h3>\t\t\t\t<\/div>\n\t\t\t\t<\/div>\n\t\t\t\t<div class=\"elementor-element elementor-element-36f2e77 elementor-icon-list--layout-traditional elementor-list-item-link-full_width elementor-widget elementor-widget-icon-list\" data-id=\"36f2e77\" data-element_type=\"widget\" data-e-type=\"widget\" data-widget_type=\"icon-list.default\">\n\t\t\t\t<div class=\"elementor-widget-container\">\n\t\t\t\t\t\t\t<ul class=\"elementor-icon-list-items\">\n\t\t\t\t\t\t\t<li class=\"elementor-icon-list-item\">\n\t\t\t\t\t\t\t\t\t\t\t<span class=\"elementor-icon-list-icon\">\n\t\t\t\t\t\t\t<i aria-hidden=\"true\" class=\"fas fa-check\"><\/i>\t\t\t\t\t\t<\/span>\n\t\t\t\t\t\t\t\t\t\t<span class=\"elementor-icon-list-text\">Testing under controlled moisture conditions (water spraying)<\/span>\n\t\t\t\t\t\t\t\t\t<\/li>\n\t\t\t\t\t\t\t\t<li class=\"elementor-icon-list-item\">\n\t\t\t\t\t\t\t\t\t\t\t<span class=\"elementor-icon-list-icon\">\n\t\t\t\t\t\t\t<i aria-hidden=\"true\" class=\"fas fa-check\"><\/i>\t\t\t\t\t\t<\/span>\n\t\t\t\t\t\t\t\t\t\t<span class=\"elementor-icon-list-text\">Identification of low-friction and safety-critical sections<\/span>\n\t\t\t\t\t\t\t\t\t<\/li>\n\t\t\t\t\t\t<\/ul>\n\t\t\t\t\t\t<\/div>\n\t\t\t\t<\/div>\n\t\t\t\t<div class=\"elementor-element elementor-element-7fcd7cb elementor-icon-list--layout-traditional elementor-list-item-link-full_width elementor-widget elementor-widget-icon-list\" data-id=\"7fcd7cb\" data-element_type=\"widget\" data-e-type=\"widget\" data-widget_type=\"icon-list.default\">\n\t\t\t\t<div class=\"elementor-widget-container\">\n\t\t\t\t\t\t\t<ul class=\"elementor-icon-list-items\">\n\t\t\t\t\t\t\t<li class=\"elementor-icon-list-item\">\n\t\t\t\t\t\t\t\t\t\t\t<span class=\"elementor-icon-list-icon\">\n\t\t\t\t\t\t\t<i aria-hidden=\"true\" class=\"fas fa-check\"><\/i>\t\t\t\t\t\t<\/span>\n\t\t\t\t\t\t\t\t\t\t<span class=\"elementor-icon-list-text\">Interpretation according to international reference standards (PIARC, ASTM E274)<\/span>\n\t\t\t\t\t\t\t\t\t<\/li>\n\t\t\t\t\t\t<\/ul>\n\t\t\t\t\t\t<\/div>\n\t\t\t\t<\/div>\n\t\t\t\t<div class=\"elementor-element elementor-element-76c049c elementor-widget elementor-widget-text-editor\" data-id=\"76c049c\" data-element_type=\"widget\" data-e-type=\"widget\" data-widget_type=\"text-editor.default\">\n\t\t\t\t<div class=\"elementor-widget-container\">\n\t\t\t\t\t\t\t\t\t<p>The results support proactive maintenance planning and the implementation of timely interventions to prevent crashes and improve overall roadway safety.<\/p>\t\t\t\t\t\t\t\t<\/div>\n\t\t\t\t<\/div>\n\t\t\t\t<\/div>\n\t\t<div class=\"elementor-element elementor-element-4434bec e-con-full e-flex e-con e-child\" data-id=\"4434bec\" data-element_type=\"container\" data-e-type=\"container\">\n\t\t\t\t<div class=\"elementor-element elementor-element-da4d5dc slider-slide_box_yes elementor-widget elementor-widget-flexitype-image-slider\" data-id=\"da4d5dc\" data-element_type=\"widget\" data-e-type=\"widget\" data-widget_type=\"flexitype-image-slider.default\">\n\t\t\t\t<div class=\"elementor-widget-container\">\n\t\t\t\t\t\r\n        <div class=\"flexitype_slider\">\r\n            <div class=\"swiper flexitype_slide724 slide_box\">\r\n                <div class=\"swiper-wrapper\">\r\n                                            <div class=\"swiper-slide\">\r\n                            <div class=\"flexitype_image_slider-item visibility_hidden\">\r\n                                <img decoding=\"async\" src=\"https:\/\/vvpave.com\/wp-content\/uploads\/2025\/11\/Friccion-3-scaled.jpg\" alt=\"image\">\r\n                                <div class=\"flexitype_image_slider-item-content\">\r\n                                    <div\r\n                                        class=\"flexitype_image_slider-item-area inline\">\r\n                                        <div class=\"flexitype_image_slider-item-area-icon\">\r\n                                                                                    <\/div>\r\n                                        <div>\r\n                                                                                                                                                                            <\/div>\r\n                                    <\/div>\r\n                                <\/div>\r\n                            <\/div>\r\n                        <\/div>\r\n                                            <div class=\"swiper-slide\">\r\n                            <div class=\"flexitype_image_slider-item visibility_hidden\">\r\n                                <img decoding=\"async\" src=\"https:\/\/vvpave.com\/wp-content\/uploads\/2025\/11\/Friccion-2-scaled.jpg\" alt=\"image\">\r\n                                <div class=\"flexitype_image_slider-item-content\">\r\n                                    <div\r\n                                        class=\"flexitype_image_slider-item-area inline\">\r\n                                        <div class=\"flexitype_image_slider-item-area-icon\">\r\n                                                                                    <\/div>\r\n                                        <div>\r\n                                                                                                                                                                            <\/div>\r\n                                    <\/div>\r\n                                <\/div>\r\n                            <\/div>\r\n                        <\/div>\r\n                                            <div class=\"swiper-slide\">\r\n                            <div class=\"flexitype_image_slider-item visibility_hidden\">\r\n                                <img decoding=\"async\" src=\"https:\/\/vvpave.com\/wp-content\/uploads\/2025\/11\/Friccion-1-scaled.jpg\" alt=\"image\">\r\n                                <div class=\"flexitype_image_slider-item-content\">\r\n                                    <div\r\n                                        class=\"flexitype_image_slider-item-area inline\">\r\n                                        <div class=\"flexitype_image_slider-item-area-icon\">\r\n                                                                                    <\/div>\r\n                                        <div>\r\n                                                                                                                                                                            <\/div>\r\n                                    <\/div>\r\n                                <\/div>\r\n                            <\/div>\r\n                        <\/div>\r\n                                    <\/div>\r\n            <\/div>\r\n                            <div class=\"flexitype_slider-arrow arrow_middle\">\r\n                    <div class=\"flexitype_slider-arrow-prev swiper-button-prev-sliderid\">\r\n                        <i class=\"fas fa-chevron-left\"><\/i>\r\n                    <\/div>\r\n                    <div class=\"flexitype_slider-arrow-next swiper-button-next-sliderid\">\r\n                        <i class=\"fas fa-chevron-right\"><\/i>\r\n                    <\/div>\r\n                <\/div>\r\n                                <\/div>\r\n        <script>\r\n            (function ($) {\r\n                \"use strict\";\r\n                $(document).ready(function () {\r\n                    var autoplayOption = \"yes\";\r\n                    var enableAutoplay = (autoplayOption === 'yes');\r\n                    var swiper = new Swiper(\".flexitype_slide724\", {\r\n                        loop: true,\r\n                        spaceBetween: 30,\r\n                        speed: 500,\r\n                        autoplay: enableAutoplay ? {\r\n                            delay: 4000,\r\n                            reverseDirection: false,\r\n                            disableOnInteraction: false,\r\n                        } : false,\r\n                        navigation: {\r\n                            prevEl: '.swiper-button-prev-sliderid',\r\n                            nextEl: '.swiper-button-next-sliderid',\r\n                        },\r\n                        pagination: {\r\n                            el: \".flexitype_slide_dots-sliderid\",\r\n                            clickable: true,\r\n                        },\r\n                        breakpoints: {\r\n                            0: {\r\n                                slidesPerView: 1,\r\n                            },\r\n                            768: {\r\n                                slidesPerView: 1,\r\n                            },\r\n                            1025: {\r\n                                slidesPerView: 1,\r\n                            },\r\n                            1600: {\r\n                                slidesPerView: 1,\r\n                            },\r\n                        },\r\n                        centeredSlides: \"\",\r\n                    });\r\n                });\r\n            })(jQuery);\r\n        <\/script>\r\n        \t\t\t\t<\/div>\n\t\t\t\t<\/div>\n\t\t\t\t<\/div>\n\t\t\t\t<\/div>\n\t\t\t\t\t<\/div>\n\t\t\t\t<\/div>\n\t\t\t\t<\/div>","protected":false},"excerpt":{"rendered":"<p>Evaluaci\u00f3n de Seguridad Vial Medici\u00f3n de Fricci\u00f3n para Prevenci\u00f3n de Accidentes Medimos el coeficiente de fricci\u00f3n longitudinal Mu, en condiciones h\u00famedas evaluar la seguridad del usuario, para identificar tramos cr\u00edticos con riesgo de despiste o p\u00e9rdida de control del veh\u00edculo. Key Components of the Assessment Evaluaci\u00f3n bajo condiciones controladas de humedad (aspersi\u00f3n de agua) Determinaci\u00f3n [&hellip;]<\/p>\n","protected":false},"author":1,"featured_media":0,"parent":0,"menu_order":0,"comment_status":"closed","ping_status":"closed","template":"","meta":{"_joinchat":[],"footnotes":""},"class_list":["post-4936","page","type-page","status-publish","hentry"],"_links":{"self":[{"href":"https:\/\/vvpave.com\/en\/wp-json\/wp\/v2\/pages\/4936","targetHints":{"allow":["GET"]}}],"collection":[{"href":"https:\/\/vvpave.com\/en\/wp-json\/wp\/v2\/pages"}],"about":[{"href":"https:\/\/vvpave.com\/en\/wp-json\/wp\/v2\/types\/page"}],"author":[{"embeddable":true,"href":"https:\/\/vvpave.com\/en\/wp-json\/wp\/v2\/users\/1"}],"replies":[{"embeddable":true,"href":"https:\/\/vvpave.com\/en\/wp-json\/wp\/v2\/comments?post=4936"}],"version-history":[{"count":58,"href":"https:\/\/vvpave.com\/en\/wp-json\/wp\/v2\/pages\/4936\/revisions"}],"predecessor-version":[{"id":7459,"href":"https:\/\/vvpave.com\/en\/wp-json\/wp\/v2\/pages\/4936\/revisions\/7459"}],"wp:attachment":[{"href":"https:\/\/vvpave.com\/en\/wp-json\/wp\/v2\/media?parent=4936"}],"curies":[{"name":"wp","href":"https:\/\/api.w.org\/{rel}","templated":true}]}}