{"id":5140,"date":"2025-08-11T07:26:42","date_gmt":"2025-08-11T12:26:42","guid":{"rendered":"https:\/\/vvpave.com\/?page_id=5140"},"modified":"2026-01-14T04:04:54","modified_gmt":"2026-01-14T09:04:54","slug":"preservation-plans-level-service","status":"publish","type":"page","link":"https:\/\/vvpave.com\/en\/planes-de-conservacion-por-niveles-de-servicio","title":{"rendered":"Preservation Plans by Level of Service"},"content":{"rendered":"<div data-elementor-type=\"wp-page\" data-elementor-id=\"5140\" class=\"elementor elementor-5140\" data-elementor-post-type=\"page\">\n\t\t\t\t<div class=\"elementor-element elementor-element-615b1f7 e-flex e-con-boxed e-con e-parent\" data-id=\"615b1f7\" data-element_type=\"container\" data-e-type=\"container\">\n\t\t\t\t\t<div class=\"e-con-inner\">\n\t\t<div class=\"elementor-element elementor-element-cbb02fe e-con-full e-flex e-con e-child\" data-id=\"cbb02fe\" data-element_type=\"container\" data-e-type=\"container\">\n\t\t<div class=\"elementor-element elementor-element-ca4c8dc e-con-full e-flex e-con e-child\" data-id=\"ca4c8dc\" data-element_type=\"container\" data-e-type=\"container\">\n\t\t\t\t<div class=\"elementor-element elementor-element-1d3fa78 elementor-widget__width-auto elementor-invisible elementor-widget elementor-widget-heading\" data-id=\"1d3fa78\" data-element_type=\"widget\" data-e-type=\"widget\" data-settings=\"{&quot;_animation&quot;:&quot;fadeInUp&quot;}\" data-widget_type=\"heading.default\">\n\t\t\t\t<div class=\"elementor-widget-container\">\n\t\t\t\t\t<p class=\"elementor-heading-title elementor-size-default\">Preservation Plans\n<\/p>\t\t\t\t<\/div>\n\t\t\t\t<\/div>\n\t\t\t\t<div class=\"elementor-element elementor-element-edae5cc elementor-widget-mobile__width-inherit elementor-invisible elementor-widget elementor-widget-heading\" data-id=\"edae5cc\" data-element_type=\"widget\" data-e-type=\"widget\" data-settings=\"{&quot;_animation&quot;:&quot;fadeIn&quot;,&quot;_animation_delay&quot;:500}\" data-widget_type=\"heading.default\">\n\t\t\t\t<div class=\"elementor-widget-container\">\n\t\t\t\t\t<h2 class=\"elementor-heading-title elementor-size-default\">Technical Strategies for Efficient and Sustainable Road Management<\/h2>\t\t\t\t<\/div>\n\t\t\t\t<\/div>\n\t\t\t\t<div class=\"elementor-element elementor-element-d4b7fd0 elementor-widget elementor-widget-text-editor\" data-id=\"d4b7fd0\" data-element_type=\"widget\" data-e-type=\"widget\" data-widget_type=\"text-editor.default\">\n\t\t\t\t<div class=\"elementor-widget-container\">\n\t\t\t\t\t\t\t\t\t<p>With the information collected, we design road conservation plans that ensure efficient and sustainable corridor management.<\/p><p>Our studies allow us to:<\/p>\t\t\t\t\t\t\t\t<\/div>\n\t\t\t\t<\/div>\n\t\t\t\t<div class=\"elementor-element elementor-element-36f2e77 elementor-icon-list--layout-traditional elementor-list-item-link-full_width elementor-widget elementor-widget-icon-list\" data-id=\"36f2e77\" data-element_type=\"widget\" data-e-type=\"widget\" data-widget_type=\"icon-list.default\">\n\t\t\t\t<div class=\"elementor-widget-container\">\n\t\t\t\t\t\t\t<ul class=\"elementor-icon-list-items\">\n\t\t\t\t\t\t\t<li class=\"elementor-icon-list-item\">\n\t\t\t\t\t\t\t\t\t\t\t<span class=\"elementor-icon-list-icon\">\n\t\t\t\t\t\t\t<i aria-hidden=\"true\" class=\"fas fa-check\"><\/i>\t\t\t\t\t\t<\/span>\n\t\t\t\t\t\t\t\t\t\t<span class=\"elementor-icon-list-text\">Define acceptable levels of service for each roadway<\/span>\n\t\t\t\t\t\t\t\t\t<\/li>\n\t\t\t\t\t\t\t\t<li class=\"elementor-icon-list-item\">\n\t\t\t\t\t\t\t\t\t\t\t<span class=\"elementor-icon-list-icon\">\n\t\t\t\t\t\t\t<i aria-hidden=\"true\" class=\"fas fa-check\"><\/i>\t\t\t\t\t\t<\/span>\n\t\t\t\t\t\t\t\t\t\t<span class=\"elementor-icon-list-text\">Establish preventive maintenance routines and cycles<\/span>\n\t\t\t\t\t\t\t\t\t<\/li>\n\t\t\t\t\t\t\t\t<li class=\"elementor-icon-list-item\">\n\t\t\t\t\t\t\t\t\t\t\t<span class=\"elementor-icon-list-icon\">\n\t\t\t\t\t\t\t<i aria-hidden=\"true\" class=\"fas fa-check\"><\/i>\t\t\t\t\t\t<\/span>\n\t\t\t\t\t\t\t\t\t\t<span class=\"elementor-icon-list-text\">Recommend pavement technologies appropriate for each environment<\/span>\n\t\t\t\t\t\t\t\t\t<\/li>\n\t\t\t\t\t\t\t\t<li class=\"elementor-icon-list-item\">\n\t\t\t\t\t\t\t\t\t\t\t<span class=\"elementor-icon-list-icon\">\n\t\t\t\t\t\t\t<i aria-hidden=\"true\" class=\"fas fa-check\"><\/i>\t\t\t\t\t\t<\/span>\n\t\t\t\t\t\t\t\t\t\t<span class=\"elementor-icon-list-text\">Reduce rehabilitation costs through timely preservation<\/span>\n\t\t\t\t\t\t\t\t\t<\/li>\n\t\t\t\t\t\t<\/ul>\n\t\t\t\t\t\t<\/div>\n\t\t\t\t<\/div>\n\t\t\t\t<div class=\"elementor-element elementor-element-76c049c elementor-widget elementor-widget-text-editor\" data-id=\"76c049c\" data-element_type=\"widget\" data-e-type=\"widget\" data-widget_type=\"text-editor.default\">\n\t\t\t\t<div class=\"elementor-widget-container\">\n\t\t\t\t\t\t\t\t\t<p class=\"translation-block\">Every study is developed in accordance with <strong>Articles 15 and 16 of the National Regulation for Road Infrastructure Management<\/strong>, applying clear, objective, and quantifiable technical criteria.<\/p>\t\t\t\t\t\t\t\t<\/div>\n\t\t\t\t<\/div>\n\t\t\t\t<\/div>\n\t\t<div class=\"elementor-element elementor-element-4434bec e-con-full e-flex e-con e-child\" data-id=\"4434bec\" data-element_type=\"container\" data-e-type=\"container\">\n\t\t\t\t<div class=\"elementor-element elementor-element-5c4a309 elementor-widget elementor-widget-image\" data-id=\"5c4a309\" data-element_type=\"widget\" data-e-type=\"widget\" data-widget_type=\"image.default\">\n\t\t\t\t<div class=\"elementor-widget-container\">\n\t\t\t\t\t\t\t\t\t\t\t\t\t\t\t<img fetchpriority=\"high\" decoding=\"async\" width=\"640\" height=\"639\" src=\"https:\/\/vvpave.com\/wp-content\/uploads\/2025\/08\/planes-de-conservacion-por-niveles-de-servicio.jpg\" class=\"attachment-full size-full wp-image-5338\" alt=\"\" srcset=\"https:\/\/vvpave.com\/wp-content\/uploads\/2025\/08\/planes-de-conservacion-por-niveles-de-servicio.jpg 640w, https:\/\/vvpave.com\/wp-content\/uploads\/2025\/08\/planes-de-conservacion-por-niveles-de-servicio-300x300.jpg 300w, https:\/\/vvpave.com\/wp-content\/uploads\/2025\/08\/planes-de-conservacion-por-niveles-de-servicio-150x150.jpg 150w\" sizes=\"(max-width: 640px) 100vw, 640px\" \/>\t\t\t\t\t\t\t\t\t\t\t\t\t\t\t<\/div>\n\t\t\t\t<\/div>\n\t\t\t\t<\/div>\n\t\t\t\t<\/div>\n\t\t\t\t\t<\/div>\n\t\t\t\t<\/div>\n\t\t\t\t<\/div>","protected":false},"excerpt":{"rendered":"<p>Planes De Conservaci\u00f3n Estrategias T\u00e9cnicas para una Gesti\u00f3n Vial Eficiente y Sostenible Con la informaci\u00f3n recolectada, dise\u00f1amos planes de conservaci\u00f3n vial que aseguran una gesti\u00f3n eficiente y sostenible de los corredores. Nuestros estudios permiten: Definir los niveles de servicio aceptables para cada v\u00eda Establecer rutinas y ciclos de mantenimiento preventivo Sugerir tecnolog\u00edas de pavimentaci\u00f3n adecuadas [&hellip;]<\/p>\n","protected":false},"author":1,"featured_media":0,"parent":0,"menu_order":0,"comment_status":"closed","ping_status":"closed","template":"","meta":{"_joinchat":[],"footnotes":""},"class_list":["post-5140","page","type-page","status-publish","hentry"],"_links":{"self":[{"href":"https:\/\/vvpave.com\/en\/wp-json\/wp\/v2\/pages\/5140","targetHints":{"allow":["GET"]}}],"collection":[{"href":"https:\/\/vvpave.com\/en\/wp-json\/wp\/v2\/pages"}],"about":[{"href":"https:\/\/vvpave.com\/en\/wp-json\/wp\/v2\/types\/page"}],"author":[{"embeddable":true,"href":"https:\/\/vvpave.com\/en\/wp-json\/wp\/v2\/users\/1"}],"replies":[{"embeddable":true,"href":"https:\/\/vvpave.com\/en\/wp-json\/wp\/v2\/comments?post=5140"}],"version-history":[{"count":43,"href":"https:\/\/vvpave.com\/en\/wp-json\/wp\/v2\/pages\/5140\/revisions"}],"predecessor-version":[{"id":7468,"href":"https:\/\/vvpave.com\/en\/wp-json\/wp\/v2\/pages\/5140\/revisions\/7468"}],"wp:attachment":[{"href":"https:\/\/vvpave.com\/en\/wp-json\/wp\/v2\/media?parent=5140"}],"curies":[{"name":"wp","href":"https:\/\/api.w.org\/{rel}","templated":true}]}}