{"id":5193,"date":"2025-08-11T07:59:40","date_gmt":"2025-08-11T12:59:40","guid":{"rendered":"https:\/\/vvpave.com\/?page_id=5193"},"modified":"2026-01-14T18:30:21","modified_gmt":"2026-01-14T23:30:21","slug":"venta-de-equipos-distribuidores-tbtscietech","status":"publish","type":"page","link":"https:\/\/vvpave.com\/en\/venta-de-equipos-distribuidores-tbtscietech","title":{"rendered":"Equipment Sales (TBTSCIETECH Representatives)"},"content":{"rendered":"<div data-elementor-type=\"wp-page\" data-elementor-id=\"5193\" class=\"elementor elementor-5193\" data-elementor-post-type=\"page\">\n\t\t\t\t<div class=\"elementor-element elementor-element-615b1f7 e-flex e-con-boxed e-con e-parent\" data-id=\"615b1f7\" data-element_type=\"container\" data-e-type=\"container\">\n\t\t\t\t\t<div class=\"e-con-inner\">\n\t\t<div class=\"elementor-element elementor-element-cbb02fe e-con-full e-flex e-con e-child\" data-id=\"cbb02fe\" data-element_type=\"container\" data-e-type=\"container\">\n\t\t<div class=\"elementor-element elementor-element-ca4c8dc e-con-full e-flex e-con e-child\" data-id=\"ca4c8dc\" data-element_type=\"container\" data-e-type=\"container\">\n\t\t\t\t<div class=\"elementor-element elementor-element-1d3fa78 elementor-widget__width-auto elementor-invisible elementor-widget elementor-widget-heading\" data-id=\"1d3fa78\" data-element_type=\"widget\" data-e-type=\"widget\" data-settings=\"{&quot;_animation&quot;:&quot;fadeInUp&quot;}\" data-widget_type=\"heading.default\">\n\t\t\t\t<div class=\"elementor-widget-container\">\n\t\t\t\t\t<p class=\"elementor-heading-title elementor-size-default\">Equipment Sales<\/p>\t\t\t\t<\/div>\n\t\t\t\t<\/div>\n\t\t\t\t<div class=\"elementor-element elementor-element-edae5cc elementor-widget-mobile__width-inherit elementor-invisible elementor-widget elementor-widget-heading\" data-id=\"edae5cc\" data-element_type=\"widget\" data-e-type=\"widget\" data-settings=\"{&quot;_animation&quot;:&quot;fadeIn&quot;,&quot;_animation_delay&quot;:500}\" data-widget_type=\"heading.default\">\n\t\t\t\t<div class=\"elementor-widget-container\">\n\t\t\t\t\t<h2 class=\"elementor-heading-title elementor-size-default\">High-Precision Technology for Pavement and Geotechnical Evaluation<\/h2>\t\t\t\t<\/div>\n\t\t\t\t<\/div>\n\t\t\t\t<div class=\"elementor-element elementor-element-d4b7fd0 elementor-widget elementor-widget-text-editor\" data-id=\"d4b7fd0\" data-element_type=\"widget\" data-e-type=\"widget\" data-widget_type=\"text-editor.default\">\n\t\t\t\t<div class=\"elementor-widget-container\">\n\t\t\t\t\t\t\t\t\t<p class=\"translation-block\">We are the <strong>exclusive technical and commercial representatives for Peru, Colombia, Ecuador, and Chile of the manufacturer TBSCIETECH (*)<\/strong>, a leading brand in pavement and geotechnical evaluation technology. In other countries, we also represent the brand technically.<\/p>\t\t\t\t\t\t\t\t<\/div>\n\t\t\t\t<\/div>\n\t\t\t\t<div class=\"elementor-element elementor-element-36f2e77 elementor-icon-list--layout-traditional elementor-list-item-link-full_width elementor-widget elementor-widget-icon-list\" data-id=\"36f2e77\" data-element_type=\"widget\" data-e-type=\"widget\" data-widget_type=\"icon-list.default\">\n\t\t\t\t<div class=\"elementor-widget-container\">\n\t\t\t\t\t\t\t<ul class=\"elementor-icon-list-items\">\n\t\t\t\t\t\t\t<li class=\"elementor-icon-list-item\">\n\t\t\t\t\t\t\t\t\t\t\t<span class=\"elementor-icon-list-icon\">\n\t\t\t\t\t\t\t<i aria-hidden=\"true\" class=\"fas fa-check\"><\/i>\t\t\t\t\t\t<\/span>\n\t\t\t\t\t\t\t\t\t\t<span class=\"elementor-icon-list-text\">Impact Deflectometers (LWD, FWD, HWD)<\/span>\n\t\t\t\t\t\t\t\t\t<\/li>\n\t\t\t\t\t\t\t\t<li class=\"elementor-icon-list-item\">\n\t\t\t\t\t\t\t\t\t\t\t<span class=\"elementor-icon-list-icon\">\n\t\t\t\t\t\t\t<i aria-hidden=\"true\" class=\"fas fa-check\"><\/i>\t\t\t\t\t\t<\/span>\n\t\t\t\t\t\t\t\t\t\t<span class=\"elementor-icon-list-text\">Road Surface Profile for IRI, Rutting, and Texture<\/span>\n\t\t\t\t\t\t\t\t\t<\/li>\n\t\t\t\t\t\t\t\t<li class=\"elementor-icon-list-item\">\n\t\t\t\t\t\t\t\t\t\t\t<span class=\"elementor-icon-list-icon\">\n\t\t\t\t\t\t\t<i aria-hidden=\"true\" class=\"fas fa-check\"><\/i>\t\t\t\t\t\t<\/span>\n\t\t\t\t\t\t\t\t\t\t<span class=\"elementor-icon-list-text\">Friction Tester<\/span>\n\t\t\t\t\t\t\t\t\t<\/li>\n\t\t\t\t\t\t\t\t<li class=\"elementor-icon-list-item\">\n\t\t\t\t\t\t\t\t\t\t\t<span class=\"elementor-icon-list-icon\">\n\t\t\t\t\t\t\t<i aria-hidden=\"true\" class=\"fas fa-check\"><\/i>\t\t\t\t\t\t<\/span>\n\t\t\t\t\t\t\t\t\t\t<span class=\"elementor-icon-list-text\">Installation and commissioning of the equipment<\/span>\n\t\t\t\t\t\t\t\t\t<\/li>\n\t\t\t\t\t\t\t\t<li class=\"elementor-icon-list-item\">\n\t\t\t\t\t\t\t\t\t\t\t<span class=\"elementor-icon-list-icon\">\n\t\t\t\t\t\t\t<i aria-hidden=\"true\" class=\"fas fa-check\"><\/i>\t\t\t\t\t\t<\/span>\n\t\t\t\t\t\t\t\t\t\t<span class=\"elementor-icon-list-text\">Genuine accessories and spare parts<\/span>\n\t\t\t\t\t\t\t\t\t<\/li>\n\t\t\t\t\t\t\t\t<li class=\"elementor-icon-list-item\">\n\t\t\t\t\t\t\t\t\t\t\t<span class=\"elementor-icon-list-icon\">\n\t\t\t\t\t\t\t<i aria-hidden=\"true\" class=\"fas fa-check\"><\/i>\t\t\t\t\t\t<\/span>\n\t\t\t\t\t\t\t\t\t\t<span class=\"elementor-icon-list-text\">Expert training in equipment operation and maintenance<\/span>\n\t\t\t\t\t\t\t\t\t<\/li>\n\t\t\t\t\t\t\t\t<li class=\"elementor-icon-list-item\">\n\t\t\t\t\t\t\t\t\t\t\t<span class=\"elementor-icon-list-icon\">\n\t\t\t\t\t\t\t<i aria-hidden=\"true\" class=\"fas fa-check\"><\/i>\t\t\t\t\t\t<\/span>\n\t\t\t\t\t\t\t\t\t\t<span class=\"elementor-icon-list-text\">Support and assistance in Spanish and in our time zone<\/span>\n\t\t\t\t\t\t\t\t\t<\/li>\n\t\t\t\t\t\t<\/ul>\n\t\t\t\t\t\t<\/div>\n\t\t\t\t<\/div>\n\t\t\t\t<\/div>\n\t\t<div class=\"elementor-element elementor-element-4434bec e-con-full e-flex e-con e-child\" data-id=\"4434bec\" data-element_type=\"container\" data-e-type=\"container\">\n\t\t\t\t<div class=\"elementor-element elementor-element-5c4a309 elementor-widget elementor-widget-image\" data-id=\"5c4a309\" data-element_type=\"widget\" data-e-type=\"widget\" data-widget_type=\"image.default\">\n\t\t\t\t<div class=\"elementor-widget-container\">\n\t\t\t\t\t\t\t\t\t\t\t\t\t\t\t<img fetchpriority=\"high\" decoding=\"async\" width=\"640\" height=\"640\" src=\"https:\/\/vvpave.com\/wp-content\/uploads\/2025\/08\/venta-equipos.jpg\" class=\"attachment-full size-full wp-image-5207\" alt=\"\" srcset=\"https:\/\/vvpave.com\/wp-content\/uploads\/2025\/08\/venta-equipos.jpg 640w, https:\/\/vvpave.com\/wp-content\/uploads\/2025\/08\/venta-equipos-300x300.jpg 300w, https:\/\/vvpave.com\/wp-content\/uploads\/2025\/08\/venta-equipos-150x150.jpg 150w\" sizes=\"(max-width: 640px) 100vw, 640px\" \/>\t\t\t\t\t\t\t\t\t\t\t\t\t\t\t<\/div>\n\t\t\t\t<\/div>\n\t\t\t\t<\/div>\n\t\t\t\t<\/div>\n\t\t\t\t\t<\/div>\n\t\t\t\t<\/div>\n\t\t<div class=\"elementor-element elementor-element-a1e9857 e-flex e-con-boxed e-con e-parent\" data-id=\"a1e9857\" data-element_type=\"container\" data-e-type=\"container\">\n\t\t\t\t\t<div class=\"e-con-inner\">\n\t\t<div class=\"elementor-element elementor-element-e42134b e-con-full e-flex e-con e-child\" data-id=\"e42134b\" data-element_type=\"container\" data-e-type=\"container\">\n\t\t<div class=\"elementor-element elementor-element-60059c4 e-con-full e-flex e-con e-child\" data-id=\"60059c4\" data-element_type=\"container\" data-e-type=\"container\">\n\t\t\t\t<div class=\"elementor-element elementor-element-07b4830 elementor-widget__width-auto elementor-invisible elementor-widget elementor-widget-heading\" data-id=\"07b4830\" data-element_type=\"widget\" data-e-type=\"widget\" data-settings=\"{&quot;_animation&quot;:&quot;fadeInUp&quot;}\" data-widget_type=\"heading.default\">\n\t\t\t\t<div class=\"elementor-widget-container\">\n\t\t\t\t\t<p class=\"elementor-heading-title elementor-size-default\">TBTSCIETECH<\/p>\t\t\t\t<\/div>\n\t\t\t\t<\/div>\n\t\t\t\t<div class=\"elementor-element elementor-element-2b42345 elementor-widget-mobile__width-inherit elementor-invisible elementor-widget elementor-widget-heading\" data-id=\"2b42345\" data-element_type=\"widget\" data-e-type=\"widget\" data-settings=\"{&quot;_animation&quot;:&quot;fadeIn&quot;,&quot;_animation_delay&quot;:500}\" data-widget_type=\"heading.default\">\n\t\t\t\t<div class=\"elementor-widget-container\">\n\t\t\t\t\t<h2 class=\"elementor-heading-title elementor-size-default\">About TBTSCIETECH<\/h2>\t\t\t\t<\/div>\n\t\t\t\t<\/div>\n\t\t\t\t<div class=\"elementor-element elementor-element-0306f1e elementor-widget elementor-widget-text-editor\" data-id=\"0306f1e\" data-element_type=\"widget\" data-e-type=\"widget\" data-widget_type=\"text-editor.default\">\n\t\t\t\t<div class=\"elementor-widget-container\">\n\t\t\t\t\t\t\t\t\t<p class=\"translation-block\"><strong>Nanjing T-Bota Scietech Instruments &amp; Equipment Co., Ltd (TBT)<\/strong> is a global leader specialized in the export of <strong>testing instruments and equipment<\/strong> for the field of <strong>civil engineering and scientific research<\/strong>.<\/p><p class=\"translation-block\">Our products are particularly essential in civil engineering construction and include machinery and accessories capable of performing <strong>soil, cement, concrete, asphalt, general material testing, and Non-Destructive Testing (NDT)<\/strong>.<\/p><p>ISO 9001:2015 Certified Company<\/p>\t\t\t\t\t\t\t\t<\/div>\n\t\t\t\t<\/div>\n\t\t\t\t<div class=\"elementor-element elementor-element-f9a6838 elementor-widget__width-auto elementor-widget elementor-widget-flexitype-creative-button\" data-id=\"f9a6838\" data-element_type=\"widget\" data-e-type=\"widget\" data-widget_type=\"flexitype-creative-button.default\">\n\t\t\t\t<div class=\"elementor-widget-container\">\n\t\t\t\t\t        <div class=\"flexitype-btn\">\r\n            <a class=\"flexitype-btn-wrapper button-isi  right\" href=\"https:\/\/www.tbtscietech.com\/\" target=\"_blank\" data-text=\"Ir a TBTSCIETECH\">\r\n                <span>Go to TBTSCIETECH<\/span>\r\n                                    <i class=\"flaticon flaticon-right-up\"><\/i>\r\n                            <\/a>\r\n        <\/div>\r\n        \t\t\t\t<\/div>\n\t\t\t\t<\/div>\n\t\t\t\t<\/div>\n\t\t\t\t<\/div>\n\t\t\t\t\t<\/div>\n\t\t\t\t<\/div>\n\t\t<div class=\"elementor-element elementor-element-751e993 e-flex e-con-boxed e-con e-parent\" data-id=\"751e993\" data-element_type=\"container\" data-e-type=\"container\">\n\t\t\t\t\t<div class=\"e-con-inner\">\n\t\t<div class=\"elementor-element elementor-element-903abd3 e-con-full e-flex e-con e-child\" data-id=\"903abd3\" data-element_type=\"container\" data-e-type=\"container\">\n\t\t<div class=\"elementor-element elementor-element-f74ade2 e-con-full e-flex e-con e-child\" data-id=\"f74ade2\" data-element_type=\"container\" data-e-type=\"container\">\n\t\t\t\t<div class=\"elementor-element elementor-element-abbc099 elementor-widget__width-auto elementor-invisible elementor-widget elementor-widget-heading\" data-id=\"abbc099\" data-element_type=\"widget\" data-e-type=\"widget\" data-settings=\"{&quot;_animation&quot;:&quot;fadeInUp&quot;}\" data-widget_type=\"heading.default\">\n\t\t\t\t<div class=\"elementor-widget-container\">\n\t\t\t\t\t<p class=\"elementor-heading-title elementor-size-default\">Products<\/p>\t\t\t\t<\/div>\n\t\t\t\t<\/div>\n\t\t\t\t<div class=\"elementor-element elementor-element-653c127 elementor-widget-mobile__width-inherit elementor-invisible elementor-widget elementor-widget-heading\" data-id=\"653c127\" data-element_type=\"widget\" data-e-type=\"widget\" data-settings=\"{&quot;_animation&quot;:&quot;fadeIn&quot;,&quot;_animation_delay&quot;:500}\" data-widget_type=\"heading.default\">\n\t\t\t\t<div class=\"elementor-widget-container\">\n\t\t\t\t\t<h2 class=\"elementor-heading-title elementor-size-default\">TBT Equipment<\/h2>\t\t\t\t<\/div>\n\t\t\t\t<\/div>\n\t\t<div class=\"elementor-element elementor-element-e1bdcf1 e-grid e-con-full e-con e-child\" data-id=\"e1bdcf1\" data-element_type=\"container\" data-e-type=\"container\">\n\t\t<div class=\"elementor-element elementor-element-16ad5a0 e-con-full e-flex e-con e-child\" data-id=\"16ad5a0\" data-element_type=\"container\" data-e-type=\"container\">\n\t\t\t\t<div class=\"elementor-element elementor-element-f761abe elementor-widget elementor-widget-image\" data-id=\"f761abe\" data-element_type=\"widget\" data-e-type=\"widget\" data-widget_type=\"image.default\">\n\t\t\t\t<div class=\"elementor-widget-container\">\n\t\t\t\t\t\t\t\t\t\t\t\t\t\t\t\t<a href=\"https:\/\/www.tbt-scietech.com\/product\/road-surface-profiler--rsp-\/\" target=\"_blank\">\n\t\t\t\t\t\t\t<img decoding=\"async\" width=\"640\" height=\"640\" src=\"https:\/\/vvpave.com\/wp-content\/uploads\/2025\/11\/f67482ff-ffb6-45d9-a86d-4a874fde0b5b-big.jpg\" class=\"attachment-full size-full wp-image-6167\" alt=\"\" srcset=\"https:\/\/vvpave.com\/wp-content\/uploads\/2025\/11\/f67482ff-ffb6-45d9-a86d-4a874fde0b5b-big.jpg 640w, https:\/\/vvpave.com\/wp-content\/uploads\/2025\/11\/f67482ff-ffb6-45d9-a86d-4a874fde0b5b-big-300x300.jpg 300w, https:\/\/vvpave.com\/wp-content\/uploads\/2025\/11\/f67482ff-ffb6-45d9-a86d-4a874fde0b5b-big-150x150.jpg 150w\" sizes=\"(max-width: 640px) 100vw, 640px\" \/>\t\t\t\t\t\t\t\t<\/a>\n\t\t\t\t\t\t\t\t\t\t\t\t\t\t\t<\/div>\n\t\t\t\t<\/div>\n\t\t<div class=\"elementor-element elementor-element-74c4104 e-con-full e-flex e-con e-child\" data-id=\"74c4104\" data-element_type=\"container\" data-e-type=\"container\">\n\t\t\t\t<div class=\"elementor-element elementor-element-2d4cbb9 elementor-widget elementor-widget-heading\" data-id=\"2d4cbb9\" data-element_type=\"widget\" data-e-type=\"widget\" data-widget_type=\"heading.default\">\n\t\t\t\t<div class=\"elementor-widget-container\">\n\t\t\t\t\t<h3 class=\"elementor-heading-title elementor-size-default\"><a href=\"https:\/\/www.tbt-scietech.com\/product\/road-surface-profiler--rsp-\/\" target=\"_blank\">Road Surface Profiler<\/a><\/h3>\t\t\t\t<\/div>\n\t\t\t\t<\/div>\n\t\t\t\t<\/div>\n\t\t\t\t<\/div>\n\t\t<div class=\"elementor-element elementor-element-a28c574 e-con-full e-flex e-con e-child\" data-id=\"a28c574\" data-element_type=\"container\" data-e-type=\"container\">\n\t\t\t\t<div class=\"elementor-element elementor-element-a1c34a3 elementor-widget elementor-widget-image\" data-id=\"a1c34a3\" data-element_type=\"widget\" data-e-type=\"widget\" data-widget_type=\"image.default\">\n\t\t\t\t<div class=\"elementor-widget-container\">\n\t\t\t\t\t\t\t\t\t\t\t\t\t\t\t\t<a href=\"https:\/\/www.tbt-scietech.com\/product\/falling-weight-deflectometer-trailer-mounted-type-\/\" target=\"_blank\">\n\t\t\t\t\t\t\t<img decoding=\"async\" width=\"640\" height=\"640\" src=\"https:\/\/vvpave.com\/wp-content\/uploads\/2025\/11\/f942d869-ae0a-421a-94db-3d64fa6a4a67-big.jpg\" class=\"attachment-full size-full wp-image-6166\" alt=\"\" srcset=\"https:\/\/vvpave.com\/wp-content\/uploads\/2025\/11\/f942d869-ae0a-421a-94db-3d64fa6a4a67-big.jpg 640w, https:\/\/vvpave.com\/wp-content\/uploads\/2025\/11\/f942d869-ae0a-421a-94db-3d64fa6a4a67-big-300x300.jpg 300w, https:\/\/vvpave.com\/wp-content\/uploads\/2025\/11\/f942d869-ae0a-421a-94db-3d64fa6a4a67-big-150x150.jpg 150w\" sizes=\"(max-width: 640px) 100vw, 640px\" \/>\t\t\t\t\t\t\t\t<\/a>\n\t\t\t\t\t\t\t\t\t\t\t\t\t\t\t<\/div>\n\t\t\t\t<\/div>\n\t\t<div class=\"elementor-element elementor-element-d6e215a e-con-full e-flex e-con e-child\" data-id=\"d6e215a\" data-element_type=\"container\" data-e-type=\"container\">\n\t\t\t\t<div class=\"elementor-element elementor-element-7e30b81 elementor-widget elementor-widget-heading\" data-id=\"7e30b81\" data-element_type=\"widget\" data-e-type=\"widget\" data-widget_type=\"heading.default\">\n\t\t\t\t<div class=\"elementor-widget-container\">\n\t\t\t\t\t<h3 class=\"elementor-heading-title elementor-size-default\"><a href=\"https:\/\/www.tbt-scietech.com\/product\/falling-weight-deflectometer-trailer-mounted-type-\/\" target=\"_blank\">Falling Weight Deflectometer (FWD)\n<\/a><\/h3>\t\t\t\t<\/div>\n\t\t\t\t<\/div>\n\t\t\t\t<\/div>\n\t\t\t\t<\/div>\n\t\t<div class=\"elementor-element elementor-element-6b0aaf2 e-con-full e-flex e-con e-child\" data-id=\"6b0aaf2\" data-element_type=\"container\" data-e-type=\"container\">\n\t\t\t\t<div class=\"elementor-element elementor-element-f35af1d elementor-widget elementor-widget-image\" data-id=\"f35af1d\" data-element_type=\"widget\" data-e-type=\"widget\" data-widget_type=\"image.default\">\n\t\t\t\t<div class=\"elementor-widget-container\">\n\t\t\t\t\t\t\t\t\t\t\t\t\t\t\t\t<a href=\"https:\/\/www.tbt-scietech.com\/product\/heavy-weight-deflectometer--hwd-\/\">\n\t\t\t\t\t\t\t<img loading=\"lazy\" decoding=\"async\" width=\"640\" height=\"640\" src=\"https:\/\/vvpave.com\/wp-content\/uploads\/2025\/11\/f1c656ed-0025-41f9-97d2-88866291b41d-big.jpg\" class=\"attachment-full size-full wp-image-6165\" alt=\"\" srcset=\"https:\/\/vvpave.com\/wp-content\/uploads\/2025\/11\/f1c656ed-0025-41f9-97d2-88866291b41d-big.jpg 640w, https:\/\/vvpave.com\/wp-content\/uploads\/2025\/11\/f1c656ed-0025-41f9-97d2-88866291b41d-big-300x300.jpg 300w, https:\/\/vvpave.com\/wp-content\/uploads\/2025\/11\/f1c656ed-0025-41f9-97d2-88866291b41d-big-150x150.jpg 150w\" sizes=\"(max-width: 640px) 100vw, 640px\" \/>\t\t\t\t\t\t\t\t<\/a>\n\t\t\t\t\t\t\t\t\t\t\t\t\t\t\t<\/div>\n\t\t\t\t<\/div>\n\t\t<div class=\"elementor-element elementor-element-3161df5 e-con-full e-flex e-con e-child\" data-id=\"3161df5\" data-element_type=\"container\" data-e-type=\"container\">\n\t\t\t\t<div class=\"elementor-element elementor-element-5e6f673 elementor-widget elementor-widget-heading\" data-id=\"5e6f673\" data-element_type=\"widget\" data-e-type=\"widget\" data-widget_type=\"heading.default\">\n\t\t\t\t<div class=\"elementor-widget-container\">\n\t\t\t\t\t<h3 class=\"elementor-heading-title elementor-size-default\"><a href=\"https:\/\/www.tbt-scietech.com\/product\/heavy-weight-deflectometer--hwd-\/\">Heavy Weight Deflectometer (HWD)<\/a><\/h3>\t\t\t\t<\/div>\n\t\t\t\t<\/div>\n\t\t\t\t<\/div>\n\t\t\t\t<\/div>\n\t\t<div class=\"elementor-element elementor-element-bb41dde e-con-full e-flex e-con e-child\" data-id=\"bb41dde\" data-element_type=\"container\" data-e-type=\"container\">\n\t\t\t\t<div class=\"elementor-element elementor-element-53f670c elementor-widget elementor-widget-image\" data-id=\"53f670c\" data-element_type=\"widget\" data-e-type=\"widget\" data-widget_type=\"image.default\">\n\t\t\t\t<div class=\"elementor-widget-container\">\n\t\t\t\t\t\t\t\t\t\t\t\t\t\t\t\t<a href=\"https:\/\/www.tbt-scietech.com\/product\/light-weight-deflectometer--lwd-\/\" target=\"_blank\">\n\t\t\t\t\t\t\t<img loading=\"lazy\" decoding=\"async\" width=\"640\" height=\"640\" src=\"https:\/\/vvpave.com\/wp-content\/uploads\/2025\/11\/0b5d1a39-3b70-40e1-b872-d551e9f087d5-big.jpg\" class=\"attachment-full size-full wp-image-6164\" alt=\"\" srcset=\"https:\/\/vvpave.com\/wp-content\/uploads\/2025\/11\/0b5d1a39-3b70-40e1-b872-d551e9f087d5-big.jpg 640w, https:\/\/vvpave.com\/wp-content\/uploads\/2025\/11\/0b5d1a39-3b70-40e1-b872-d551e9f087d5-big-300x300.jpg 300w, https:\/\/vvpave.com\/wp-content\/uploads\/2025\/11\/0b5d1a39-3b70-40e1-b872-d551e9f087d5-big-150x150.jpg 150w\" sizes=\"(max-width: 640px) 100vw, 640px\" \/>\t\t\t\t\t\t\t\t<\/a>\n\t\t\t\t\t\t\t\t\t\t\t\t\t\t\t<\/div>\n\t\t\t\t<\/div>\n\t\t<div class=\"elementor-element elementor-element-9e1150e e-con-full e-flex e-con e-child\" data-id=\"9e1150e\" data-element_type=\"container\" data-e-type=\"container\">\n\t\t\t\t<div class=\"elementor-element elementor-element-eddd944 elementor-widget elementor-widget-heading\" data-id=\"eddd944\" data-element_type=\"widget\" data-e-type=\"widget\" data-widget_type=\"heading.default\">\n\t\t\t\t<div class=\"elementor-widget-container\">\n\t\t\t\t\t<h3 class=\"elementor-heading-title elementor-size-default\"><a href=\"https:\/\/www.tbt-scietech.com\/product\/light-weight-deflectometer--lwd-\/\" target=\"_blank\">Light Weight Deflectometer (LWD)<\/a><\/h3>\t\t\t\t<\/div>\n\t\t\t\t<\/div>\n\t\t\t\t<\/div>\n\t\t\t\t<\/div>\n\t\t<div class=\"elementor-element elementor-element-0c9bbea e-con-full e-flex e-con e-child\" data-id=\"0c9bbea\" data-element_type=\"container\" data-e-type=\"container\">\n\t\t\t\t<div class=\"elementor-element elementor-element-6096e7c elementor-widget elementor-widget-image\" data-id=\"6096e7c\" data-element_type=\"widget\" data-e-type=\"widget\" data-widget_type=\"image.default\">\n\t\t\t\t<div class=\"elementor-widget-container\">\n\t\t\t\t\t\t\t\t\t\t\t\t\t\t\t\t<a href=\"https:\/\/www.tbt-scietech.com\/product\/continuous-friction-coefficient-tester\/\" target=\"_blank\">\n\t\t\t\t\t\t\t<img loading=\"lazy\" decoding=\"async\" width=\"640\" height=\"640\" src=\"https:\/\/vvpave.com\/wp-content\/uploads\/2025\/11\/friccion.jpg\" class=\"attachment-full size-full wp-image-6163\" alt=\"\" srcset=\"https:\/\/vvpave.com\/wp-content\/uploads\/2025\/11\/friccion.jpg 640w, https:\/\/vvpave.com\/wp-content\/uploads\/2025\/11\/friccion-300x300.jpg 300w, https:\/\/vvpave.com\/wp-content\/uploads\/2025\/11\/friccion-150x150.jpg 150w\" sizes=\"(max-width: 640px) 100vw, 640px\" \/>\t\t\t\t\t\t\t\t<\/a>\n\t\t\t\t\t\t\t\t\t\t\t\t\t\t\t<\/div>\n\t\t\t\t<\/div>\n\t\t<div class=\"elementor-element elementor-element-743c5e3 e-con-full e-flex e-con e-child\" data-id=\"743c5e3\" data-element_type=\"container\" data-e-type=\"container\">\n\t\t\t\t<div class=\"elementor-element elementor-element-a862777 elementor-widget elementor-widget-heading\" data-id=\"a862777\" data-element_type=\"widget\" data-e-type=\"widget\" data-widget_type=\"heading.default\">\n\t\t\t\t<div class=\"elementor-widget-container\">\n\t\t\t\t\t<h3 class=\"elementor-heading-title elementor-size-default\"><a href=\"https:\/\/www.tbt-scietech.com\/product\/continuous-friction-coefficient-tester\/\" target=\"_blank\">Friction Tester<\/a><\/h3>\t\t\t\t<\/div>\n\t\t\t\t<\/div>\n\t\t\t\t<\/div>\n\t\t\t\t<\/div>\n\t\t<div class=\"elementor-element elementor-element-dfe596f e-con-full e-flex e-con e-child\" data-id=\"dfe596f\" data-element_type=\"container\" data-e-type=\"container\">\n\t\t\t\t<div class=\"elementor-element elementor-element-20e4bd1 elementor-widget elementor-widget-image\" data-id=\"20e4bd1\" data-element_type=\"widget\" data-e-type=\"widget\" data-widget_type=\"image.default\">\n\t\t\t\t<div class=\"elementor-widget-container\">\n\t\t\t\t\t\t\t\t\t\t\t\t\t\t\t\t<a href=\"https:\/\/www.tbt-scietech.com\/product\/ground-penetrating-radar--gpr-\/\">\n\t\t\t\t\t\t\t<img loading=\"lazy\" decoding=\"async\" width=\"640\" height=\"640\" src=\"https:\/\/vvpave.com\/wp-content\/uploads\/2025\/11\/georadar.jpg\" class=\"attachment-full size-full wp-image-6162\" alt=\"\" srcset=\"https:\/\/vvpave.com\/wp-content\/uploads\/2025\/11\/georadar.jpg 640w, https:\/\/vvpave.com\/wp-content\/uploads\/2025\/11\/georadar-300x300.jpg 300w, https:\/\/vvpave.com\/wp-content\/uploads\/2025\/11\/georadar-150x150.jpg 150w\" sizes=\"(max-width: 640px) 100vw, 640px\" \/>\t\t\t\t\t\t\t\t<\/a>\n\t\t\t\t\t\t\t\t\t\t\t\t\t\t\t<\/div>\n\t\t\t\t<\/div>\n\t\t<div class=\"elementor-element elementor-element-bca7a68 e-con-full e-flex e-con e-child\" data-id=\"bca7a68\" data-element_type=\"container\" data-e-type=\"container\">\n\t\t\t\t<div class=\"elementor-element elementor-element-f0fbced elementor-widget elementor-widget-heading\" data-id=\"f0fbced\" data-element_type=\"widget\" data-e-type=\"widget\" data-widget_type=\"heading.default\">\n\t\t\t\t<div class=\"elementor-widget-container\">\n\t\t\t\t\t<h3 class=\"elementor-heading-title elementor-size-default\"><a href=\"https:\/\/www.tbt-scietech.com\/product\/continuous-friction-coefficient-tester\/\" target=\"_blank\">Ground Penetrating Radar<\/a><\/h3>\t\t\t\t<\/div>\n\t\t\t\t<\/div>\n\t\t\t\t<\/div>\n\t\t\t\t<\/div>\n\t\t\t\t<\/div>\n\t\t\t\t<\/div>\n\t\t\t\t<\/div>\n\t\t\t\t\t<\/div>\n\t\t\t\t<\/div>\n\t\t\t\t<\/div>","protected":false},"excerpt":{"rendered":"<p>Venta de Equipos Tecnolog\u00eda de Alta Precisi\u00f3n para Evaluaci\u00f3n de Pavimentos y Geotecnia Somos\u00a0representantes t\u00e9cnicos y comerciales exclusivos para Per\u00fa, Colombia, Ecuador y Chile del fabricante TBSCIETECH (*), marca l\u00edder en tecnolog\u00eda para evaluaci\u00f3n de pavimentos y geotecnia. \u00a0En otros pa\u00edses tambi\u00e9n representamos la marca t\u00e9cnicamente. Deflect\u00f3metros de impacto (LWD, FWD, HWD) Perfil\u00f3metros l\u00e1ser para [&hellip;]<\/p>\n","protected":false},"author":1,"featured_media":0,"parent":0,"menu_order":0,"comment_status":"closed","ping_status":"closed","template":"","meta":{"_joinchat":[],"footnotes":""},"class_list":["post-5193","page","type-page","status-publish","hentry"],"_links":{"self":[{"href":"https:\/\/vvpave.com\/en\/wp-json\/wp\/v2\/pages\/5193","targetHints":{"allow":["GET"]}}],"collection":[{"href":"https:\/\/vvpave.com\/en\/wp-json\/wp\/v2\/pages"}],"about":[{"href":"https:\/\/vvpave.com\/en\/wp-json\/wp\/v2\/types\/page"}],"author":[{"embeddable":true,"href":"https:\/\/vvpave.com\/en\/wp-json\/wp\/v2\/users\/1"}],"replies":[{"embeddable":true,"href":"https:\/\/vvpave.com\/en\/wp-json\/wp\/v2\/comments?post=5193"}],"version-history":[{"count":86,"href":"https:\/\/vvpave.com\/en\/wp-json\/wp\/v2\/pages\/5193\/revisions"}],"predecessor-version":[{"id":7521,"href":"https:\/\/vvpave.com\/en\/wp-json\/wp\/v2\/pages\/5193\/revisions\/7521"}],"wp:attachment":[{"href":"https:\/\/vvpave.com\/en\/wp-json\/wp\/v2\/media?parent=5193"}],"curies":[{"name":"wp","href":"https:\/\/api.w.org\/{rel}","templated":true}]}}